{"id":192,"date":"2020-01-26T20:34:51","date_gmt":"2020-01-26T20:34:51","guid":{"rendered":"http:\/\/dedicap.se\/?page_id=192"},"modified":"2022-10-06T08:40:59","modified_gmt":"2022-10-06T08:40:59","slug":"om-dedicap","status":"publish","type":"page","link":"https:\/\/dedicap.se\/","title":{"rendered":"Om Dedicap"},"content":{"rendered":"\n<h1 class=\"wp-block-heading\"><strong>Om Dedicap<\/strong><\/h1>\n\n\n\n<p><strong>Kunskap och kapital med hj\u00e4rta<\/strong><\/p>\n\n\n\n<p class=\"has-normal-font-size\">Dedicap m\u00e5 vara ett nytt f\u00f6retag, men v\u00e5rt team har arbetat m\u00e5nga \u00e5r tillsammans med investeringar i onoterade, svenska f\u00f6retag.<\/p>\n\n\n\n<p class=\"has-normal-font-size\">Vi har sammanlagt \u00f6ver 100 \u00e5r i den svenska riskkapitalbranschen. Under dessa \u00e5r har vi samlat p\u00e5 oss erfarenheter fr\u00e5n en m\u00e4ngd olika branscher och transaktionstyper. Vi har arbetat med hundratals entrepren\u00f6rer och f\u00f6retagsledningar. Vi har investerat i s\u00e5v\u00e4l snabbv\u00e4xande som mogna f\u00f6retag, i konsoliderade och okonsoliderade branscher. Vi har m\u00f6tt m\u00e5nga olika, beg\u00e5vade, speciella, utmanande och kr\u00e4vande personligheter.<\/p>\n\n\n\n<p class=\"has-normal-font-size\">Vad utm\u00e4rker d\u00e5 Dedicap? M\u00e5nga \u00e5rs arbete tillsammans \u00e4r en viktig faktor. Den fr\u00e4msta r\u00f6da tr\u00e5den \u00e4r dock v\u00e5r erfarenhet av f\u00f6rv\u00e4rv och utveckling av mindre, svenska f\u00f6retag tillsammans med engagerade f\u00f6retagsledningar.<\/p>\n\n\n\n<p class=\"has-normal-font-size\">Vi investerar i svenska, onoterade f\u00f6retag med ett r\u00f6relseresultat p\u00e5 10-40 Mkr, d\u00e4r Dedicap kan bidra som aktiv majoritets\u00e4gare med engagemang, kunskap och kapital f\u00f6r utveckling och tillv\u00e4xt. Typiska investeringsobjekt \u00e4r f\u00f6retag som genomg\u00e5r generationsskiften eller enheter som avskiljs fr\u00e5n st\u00f6rre koncerner. <\/p>\n\n\n\n<p class=\"has-normal-font-size\">Vi b\u00e4r inte p\u00e5 n\u00e5gon tung, byr\u00e5kratisk b\u00f6rda och \u00e4r d\u00e4rf\u00f6r snabba till beslut och handling.&nbsp; Med v\u00e5ra samlade erfarenheter \u00e4r vi inte heller fr\u00e4mmande f\u00f6r komplicerade transaktioner och f\u00f6rv\u00e4rvssituationer.<\/p>\n\n\n\n<p class=\"has-normal-font-size\">Dedicap \u2013 engagemang, kunskap och kapital.<br><\/p>\n\n\n\n<div class=\"wp-block-ps2id-block-target\" id=\"om\"><\/div>\n\n\n\n<p><\/p>\n","protected":false},"excerpt":{"rendered":"<p>Om Dedicap Kunskap och kapital med hj\u00e4rta Dedicap m\u00e5 vara ett nytt f\u00f6retag, men v\u00e5rt team har arbetat m\u00e5nga \u00e5r tillsammans med investeringar i onoterade, svenska f\u00f6retag. Vi har sammanlagt \u00f6ver 100 \u00e5r i den svenska riskkapitalbranschen. Under dessa \u00e5r har vi samlat p\u00e5 oss erfarenheter fr\u00e5n en m\u00e4ngd olika branscher och transaktionstyper. Vi har &hellip; <a href=\"https:\/\/dedicap.se\/\" class=\"more-link\">Continue reading <span class=\"screen-reader-text\">Om Dedicap<\/span> <span class=\"meta-nav\">&rarr;<\/span><\/a><\/p>\n","protected":false},"author":2,"featured_media":0,"parent":0,"menu_order":0,"comment_status":"closed","ping_status":"closed","template":"","meta":{"footnotes":""},"class_list":["post-192","page","type-page","status-publish","hentry"],"_links":{"self":[{"href":"https:\/\/dedicap.se\/index.php?rest_route=\/wp\/v2\/pages\/192","targetHints":{"allow":["GET"]}}],"collection":[{"href":"https:\/\/dedicap.se\/index.php?rest_route=\/wp\/v2\/pages"}],"about":[{"href":"https:\/\/dedicap.se\/index.php?rest_route=\/wp\/v2\/types\/page"}],"author":[{"embeddable":true,"href":"https:\/\/dedicap.se\/index.php?rest_route=\/wp\/v2\/users\/2"}],"replies":[{"embeddable":true,"href":"https:\/\/dedicap.se\/index.php?rest_route=%2Fwp%2Fv2%2Fcomments&post=192"}],"version-history":[{"count":29,"href":"https:\/\/dedicap.se\/index.php?rest_route=\/wp\/v2\/pages\/192\/revisions"}],"predecessor-version":[{"id":488,"href":"https:\/\/dedicap.se\/index.php?rest_route=\/wp\/v2\/pages\/192\/revisions\/488"}],"wp:attachment":[{"href":"https:\/\/dedicap.se\/index.php?rest_route=%2Fwp%2Fv2%2Fmedia&parent=192"}],"curies":[{"name":"wp","href":"https:\/\/api.w.org\/{rel}","templated":true}]}}